{"id":3,"date":"2008-06-23T23:07:09","date_gmt":"2008-06-24T02:07:09","guid":{"rendered":"http:\/\/www.carlospage.com.ar\/?page_id=3"},"modified":"2026-03-25T06:21:54","modified_gmt":"2026-03-25T09:21:54","slug":"mi-trayectoria","status":"publish","type":"page","link":"https:\/\/www.carlospage.com.ar\/","title":{"rendered":"Trayectoria"},"content":{"rendered":"<p>Nacido en la ciudad de Buenos Aires, se radic\u00f3 en la provincia de C\u00f3rdoba a temprana edad. Estudi\u00f3 en la Facultad de Arquitec\u00adtura de la Universidad Cat\u00f3lica de C\u00f3rdoba, donde egres\u00f3 en 1985. A su vez es Doctor en Historia por la Facultad de Filosof\u00eda, Historia y Letras de la Universidad del Salvador (2005).<\/p>\n<p>Fue becario de la Secretar\u00eda de Ciencia y T\u00e9cnica de la Universi\u00addad Nacional de C\u00f3rdoba y del CONICET (Consejo Nacional de Investigaciones Cient\u00edficas y T\u00e9cnicas), bajo las direcciones de los arquitectos Rodolfo Gallardo, Marina Waisman y Alberto S. J. de Paula. Actualmente es Investigador Principal del CONICET con sede en la Unidad Ejecutora del Centro de Investigaciones y Estudios sobre Cultura y Sociedad (CIECS) \u2013 CONICET-UNC, donde dirige el <a href=\"http:\/\/ciecs-conicet.gob.ar\/sitio\/antiguos-jesuitas-en-iberoamerica\/\" target=\"_blank\" rel=\"noopener noreferrer\"><span style=\"color: #000000;\">programa<\/span> <\/a><em><strong><a href=\"https:\/\/ciecs.conicet.gov.ar\/antiguos-jesuitas-en-iberoamerica\/\" target=\"_blank\" rel=\"noopener noreferrer\">\u00abAntiguos Jesuitas en Iberoam\u00e9rica\u00bb<\/a><\/strong><\/em>.<\/p>\n<p>Hizo un postdoctorado con una beca de la Fundaci\u00f3n Carolina de Espa\u00f1a, para realizar el proyecto \u201cRelatos desde el exilio. Memoria de los jesuitas expulsos de la provincia de Paraguay\u201d con sede en el CSIC (Consejo Superior de Investigaciones Cient\u00edficas) bajo la direcci\u00f3n del Dr. Jos\u00e9 Andr\u00e9s-Gallego. Becario dos veces del Ministerio de Cultura de Espa\u00f1a e Investigador invitado del CNR (Consiglio Nazionale delle Ricerche de Italia) por el acuerdo internacional entre el CONICET y el CNR para realizar el proyecto \u00abItalia-Argentina: ovverosia il Mediterraneo in Sudamerica. Storia, arte e cultura tra XVI e XXI secolo\u201d.<\/p>\n<p>Profesor de posgrado en las maestr\u00edas de <em>\u201cCultura Guaran\u00ed Jesu\u00edtica y Especializaci\u00f3n en Cultura Guaran\u00ed Jesu\u00edtica\u201d<\/em> de la Facultad de Artes de la Universidad Nacional de Misiones y <em>\u201cPatrimonio art\u00edstico y cultura en Sudam\u00e9rica colonial\u00bb\u00a0<\/em>de la Facultad de Filosof\u00eda y Letras de la Universidad de Buenos Aires. Profesor invitado de la Facultad de Filosof\u00eda y Humanidades de la Universidad Nacional de C\u00f3rdoba, donde dict\u00f3 el seminario <em>\u201cPrecisiones sobre la presencia de la Compa\u00f1\u00eda de Jes\u00fas en la antigua Provincia del Paraguay. Perspectivas de estudios\u201d<\/em>.<\/p>\n<p>Dirigi\u00f3 el programa de postgrado <em>\u201cEl legado jesu\u00edtico, sustento de identidad y continuidad cultural de la Universidad Nacional de C\u00f3rdoba\u201d<\/em>, auspiciado por la UNESCO. Adem\u00e1s de dictar varios seminarios, cursos de postgrado y conferencias para distintas universidades e instituciones locales e internacionales como, entre otras, el INAH (M\u00e9xico) el IEA-USP (Instituto de Estudos Avan\u00e7ados da Universidade de S\u00e3o Paulo, Brasil) y la Universidad de Le\u00f3n (Espa\u00f1a).<\/p>\n<p>En la actualidad dirige<span style=\"text-align: justify;\">\u00a0la <\/span>revista cient\u00edfica <strong><a href=\"https:\/\/revistas.unc.edu.ar\/index.php\/ihs\/index\" target=\"_blank\" rel=\"noopener noreferrer\"><em>IHS<\/em><span style=\"text-align: justify;\">\u00a0<\/span><em>Antiguos jesuitas en Iberoam\u00e9rica<\/em><\/a><\/strong> del CIECS-CONICET-UNC, del cual es fundador.<\/p>\n<p>Es miembro del <strong><em><a href=\"https:\/\/www.siejesuitas.com\/Person\/List?page=11\" target=\"_blank\" rel=\"noopener noreferrer\">Consejo Cient\u00edfico de la Soci\u00e9t\u00e9 Internationale d\u00b4Estudes J\u00e9suites (SIEJ)<\/a><\/em><\/strong> con sede en la \u00c9cole des Hautes \u00c9tudes en Sciences Sociales, Par\u00eds; Colaborador Extranjero del grupo de investigaci\u00f3n:<em><strong><a href=\"http:\/\/dgp.cnpq.br\/dgp\/espelhogrupo\/4902\" target=\"_blank\" rel=\"noopener noreferrer\"> Jesu\u00edtas nas Am\u00e9ricas\u00a0del Conselho Nacional de Desenvolvimento Cient\u00edfico y Tecnol\u00f3gico (CNPq-Brasil)<\/a><\/strong><\/em> e Investigador del <em><strong><a href=\"http:\/\/www.clepul.eu\/\" target=\"_blank\" rel=\"noopener noreferrer\">Centro de Literaturas e Culturas Lus\u00f3fonas e Europeias da Faculdade de Letras da Universidade de Lisboa (CLEPUL)<\/a><\/strong><\/em> entre otras instituciones extranjeras y nacionales.<\/p>\n<p>Form\u00f3 parte de varias\u00a0comisiones como la de creaci\u00f3n del Museo de la Universidad Nacional de C\u00f3rdoba, vocal de la Comisi\u00f3n de Revitalizaci\u00f3n del Centro Hist\u00f3rico y \u00c1reas Promovidas de la ciudad de C\u00f3rdoba, entre otras. \u00a0En la funci\u00f3n p\u00fablica fue director de Patrimonio Cultural de la Municipalidad de la ciudad de C\u00f3rdoba (2000-2002) y director del Museo Hist\u00f3rico Provincial \u201cMarqu\u00e9s de Sobremonte\u201d (2002). Fue autor del dossier presentado a la UNESCO para la declaraci\u00f3n de Patrimonio Mundial de la Manzana de la Universidad y las estancias jesu\u00edticas de C\u00f3rdoba (1999).<\/p>\n<p>Particip\u00f3 en numerosos congresos internacionales (Argentina, Paraguay, Brasil, Colombia, El Salvador, Per\u00fa y Espa\u00f1a), siendo entre otros eventos de este nivel, organizador del <em>\u201cCongreso Internacional sobre los 400 a\u00f1os de la Compa\u00f1\u00eda de Jes\u00fas en C\u00f3rdoba\u201d<\/em> (1999), <em>Jornadas El Legado Jesu\u00edtico en C\u00f3rdoba <\/em>(2002) y las <em>X Jornadas Internacionales sobre las Misiones Jesu\u00edticas<\/em> (2004), adem\u00e1s de haber sido miembro del comit\u00e9 acad\u00e9mico y coordinador de simposios de otros tantos encuentros cient\u00edficos. Evaluador principal y complementario de la CONEAU (Comisi\u00f3n Nacional de Evaluaci\u00f3n y Acreditaci\u00f3n Universitaria), como a su vez miembro evaluador en ciencia y tecnolog\u00eda del CONICET.<\/p>\n<p>Public\u00f3 m\u00e1s de 300 art\u00edculos en revistas especializadas y de divulgaci\u00f3n en Argentina, Espa\u00f1a, Estados Unidos, Per\u00fa, Bolivia, Alemania, M\u00e9xico, Venezuela, Italia, Paraguay, Suiza, Brasil y Colombia. Algunos en coautor\u00eda con Ricardo Gonz\u00e1lez, Daniel Sch\u00e1velzon, Silvana M. Lovay, Avto Goguitchaichvili y Sergio Marchetti. Entre las revistas cient\u00edficas se destacan, entre otras, la <em>Revista de Indias<\/em>, <em>Revista Complutense de Historia de Am\u00e9rica, Hispania Sacra, Archivo Espa\u00f1ol del Arte, Artigrama, Arqueolog\u00eda Iberoamericana<\/em>,<em>\u00a0Anuario del Museo de Am\u00e9rica y Archivum Historicum Societatis Iesu, entre otras.<\/em><\/p>\n<p>Entre sus libros y folletos (m\u00e1s de 40 obras) figuran: <em>\u201cLa estancia jesu\u00edtica de San Ignacio de los Ejercicios\u201d<\/em> (1998), <em>\u201cLa Manzana Jesu\u00edtica de la ciudad de C\u00f3rdoba\u201d<\/em>, (1999), <em>\u201cLa Catedral de C\u00f3rdoba\u201d<\/em> (1999), en colaboraci\u00f3n con Ram\u00f3n Guti\u00e9rrez; <em>\u201cEl Camino de las estancias&#8230;\u201d <\/em>(4ta edici\u00f3n 2016),<em> \u201cLa estancia Jesu\u00edtica de Alta Gracia\u201d <\/em>(2da edici\u00f3n 2000), <em>\u201cLos viajes de Europa a Buenos Aires en las cr\u00f3nicas de los jesuitas de los siglos XVII y XVIII\u201d <\/em>(2007) y \u201c<em>El espacio p\u00fablico en las ciudades hispanoamericanas. El caso de C\u00f3rdoba (Argentina). Siglos XVI a XVIII<\/em> (tesis doctoral, coeditada entre la Junta Provincial de Historia de C\u00f3rdoba y la Sociedad Chilena de Historia y Geograf\u00eda, 2008). Sus \u00faltimos libros son <em>\u201cRelatos desde el exilio. Memorias de los jesuitas expulsos de la antigua provincia del Paraguay\u201d, \u201cSiete \u00c1ngeles. Jesuitas en las reducciones y colegios de la Provincia del Paraguay\u201d <\/em>(2011), <em>\u201cLas otras reducciones jesu\u00edticas. Emplazamiento territorial, desarrollo urbano y arquitect\u00f3nico entre los Siglos XVII y XVIII\u201d<\/em>, <em>\u201cEl Noviciado de C\u00f3rdoba de la Provincia Jesu\u00edtica del Paraguay. Historia y recuperaci\u00f3n arqueol\u00f3gica 1607-1990\u201d <\/em>(2013), <em>\u00abEl primer jesuita. Origen de las Reducciones del Paraguay\u00bb<\/em> (2019), entre otros.<\/p>\n<p>Una edici\u00f3n especial de su libro <em>\u00abLa reducci\u00f3n jesu\u00edtica de Santa Rosa y su capilla de Loreto\u00bb<\/em> fue especialmente editada como obsequio al Papa Francisco por el gobierno del Paraguay en el marco de la visita pastoral\u00a0a ese pa\u00eds\u00a0que realiz\u00f3 el Pont\u00edfice en el mes de julio de 2015.<\/p>\n<p>CV completo en: <em><strong><a href=\"https:\/\/www.carlospage.com.ar\/wp-content\/2024\/04\/Carlos-A.-Page.pdf\" target=\"_blank\" rel=\"noopener\">Carlos A. Page<\/a><\/strong><\/em><\/p>\n","protected":false},"excerpt":{"rendered":"<p>Nacido en la ciudad de Buenos Aires, se radic\u00f3 en la provincia de C\u00f3rdoba a temprana edad. Estudi\u00f3 en la Facultad de Arquitec\u00adtura de la Universidad Cat\u00f3lica de C\u00f3rdoba, donde&#8230; <a href=\"https:\/\/www.carlospage.com.ar\/\">Leer m\u00e1s &raquo;<\/a><\/p>\n","protected":false},"author":2,"featured_media":0,"parent":0,"menu_order":10,"comment_status":"open","ping_status":"open","template":"","meta":{"footnotes":""},"class_list":["post-3","page","type-page","status-publish","hentry"],"_links":{"self":[{"href":"https:\/\/www.carlospage.com.ar\/index.php?rest_route=\/wp\/v2\/pages\/3","targetHints":{"allow":["GET"]}}],"collection":[{"href":"https:\/\/www.carlospage.com.ar\/index.php?rest_route=\/wp\/v2\/pages"}],"about":[{"href":"https:\/\/www.carlospage.com.ar\/index.php?rest_route=\/wp\/v2\/types\/page"}],"author":[{"embeddable":true,"href":"https:\/\/www.carlospage.com.ar\/index.php?rest_route=\/wp\/v2\/users\/2"}],"replies":[{"embeddable":true,"href":"https:\/\/www.carlospage.com.ar\/index.php?rest_route=%2Fwp%2Fv2%2Fcomments&post=3"}],"version-history":[{"count":2,"href":"https:\/\/www.carlospage.com.ar\/index.php?rest_route=\/wp\/v2\/pages\/3\/revisions"}],"predecessor-version":[{"id":1905,"href":"https:\/\/www.carlospage.com.ar\/index.php?rest_route=\/wp\/v2\/pages\/3\/revisions\/1905"}],"wp:attachment":[{"href":"https:\/\/www.carlospage.com.ar\/index.php?rest_route=%2Fwp%2Fv2%2Fmedia&parent=3"}],"curies":[{"name":"wp","href":"https:\/\/api.w.org\/{rel}","templated":true}]}}